{"id":3636,"date":"2024-01-26T16:10:27","date_gmt":"2024-01-26T15:10:27","guid":{"rendered":"https:\/\/c-wt.sk\/?page_id=3636"},"modified":"2026-01-22T12:09:49","modified_gmt":"2026-01-22T11:09:49","slug":"c-wt-inspekcny-organ-typu-a","status":"publish","type":"page","link":"https:\/\/c-wt.sk\/en\/c-wt-inspekcny-organ-typu-a\/","title":{"rendered":"C-WT Inspection Body Type A"},"content":{"rendered":"<p><strong>C-WT inspection Body Type A<\/strong> is accredited in accordance with requirements of standard EN ISO\/IEC 17020: 2012 and provides service of approval of operating procedures WPQR \/ BPQR<\/p>\n<p><strong>WPQR \u2013 Approval of welding procedures:<\/strong><\/p>\n<p>Arc stud welding of metallic materials \u2013 STN EN ISO 14555<br \/>\nTested welding consumables \u2013 STN EN ISO 15610<br \/>\nPrevious welding experience \u2013 STN EN ISO 15611<br \/>\nAdoption of a standard welding procedure\u2013 STN EN ISO 15612<br \/>\nPre-production welding test \u2013 STN EN ISO 15613<br \/>\nWelding procedure test \u2013 STN EN ISO 15614<br \/>\nWelding of reinforcing steel \u2013 STN EN ISO 17660<\/p>\n<p><strong>BPQR \u2013 Approval of brazing procedures:<\/strong><\/p>\n<p>Brazing procedure approval \u2013 STN EN 13134<\/p>\n<p>&nbsp;<\/p>\n<p><img loading=\"lazy\" class=\"size-medium wp-image-174 alignnone\" style=\"width: 49%;\" src=\"https:\/\/c-wt.sk\/wp-content\/uploads\/2024\/01\/Screenshot_6.png\" alt=\"\" width=\"300\" height=\"225\" \/> <img loading=\"lazy\" class=\"size-medium wp-image-175 alignnone\" style=\"width: 48%;\" src=\"https:\/\/c-wt.sk\/wp-content\/uploads\/2024\/01\/Screenshot_5.png\" alt=\"\" width=\"300\" height=\"225\" \/><\/p>\n<p><a href=\"https:\/\/c-wt.sk\/wp-content\/uploads\/2025\/06\/I-063_2025_SK.pdf\"><img loading=\"lazy\" class=\"alignnone wp-image-2028 size-medium\" style=\"width: 19.5%;\" src=\"https:\/\/c-wt.sk\/wp-content\/uploads\/2023\/01\/osvedcenie_2022_nahlad_SK-212x300.jpg\" alt=\"\" width=\"212\" height=\"300\" srcset=\"https:\/\/c-wt.sk\/wp-content\/uploads\/2023\/01\/osvedcenie_2022_nahlad_SK-212x300.jpg 212w, https:\/\/c-wt.sk\/wp-content\/uploads\/2023\/01\/osvedcenie_2022_nahlad_SK-724x1024.jpg 724w, https:\/\/c-wt.sk\/wp-content\/uploads\/2023\/01\/osvedcenie_2022_nahlad_SK-768x1086.jpg 768w, https:\/\/c-wt.sk\/wp-content\/uploads\/2023\/01\/osvedcenie_2022_nahlad_SK-1086x1536.jpg 1086w, https:\/\/c-wt.sk\/wp-content\/uploads\/2023\/01\/osvedcenie_2022_nahlad_SK-1448x2048.jpg 1448w, https:\/\/c-wt.sk\/wp-content\/uploads\/2023\/01\/osvedcenie_2022_nahlad_SK-scaled.jpg 1810w\" sizes=\"(max-width: 212px) 100vw, 212px\" \/><\/a><\/p>\n<p>&nbsp;<\/p>\n<p><strong>C-WT Inspection Body Type A \u00a0&#8211; Statement of Impartiality:<\/strong><\/p>\n<div style=\"text-align: justify;\">\n<p>C-WT Inspection Body Type A of the company CERTIFICATION OF WELDING AND TESTING, s.r.o. assumes responsibility for all inspection and notification activities in accordance with the requirements of EN ISO\/IEC 17020: 2012 and in accordance with Annex No. 10 of Methodological Procedure No. 05 of the Slovak Office of Standards, Metrology and Testing.<\/p>\n<p>C-WT Inspection Body Type A of the company CERTIFICATION OF WELDING AND TESTING, s.r.o. is impartial and independent of the parties involved.<\/p>\n<p>The inspection body and its personnel who are involved in conformity assessment activities are not designers, manufacturers, suppliers, owners or users of the processes that are the subject of the inspection activity.<\/p>\n<p>The inspection body is not a part of a legal entity that is engaged in design, manufacture, supply, installation, purchase, ownership, use or maintenance of the items inspected.<\/p>\n<p>All IB personnel involved in inspection activities perform conformity assessment activities at the highest level of professional competence in the field and are responsible for the impartiality of their inspection activities. Remuneration of personnel performing inspection activities is independent of the results and the number of inspections performed. The inspection body staff do not provide consultation in the design, supply, installation, sale, use or storage of objects subject to inspection.<\/p>\n<\/div>\n<p><!--\n\n\n<div style=\"padding: 1em; border: 1px solid #333; height: 350px; width: 35%; float: left;\">Tu sa bude nach\u00e1dza\u0165 certifik\u00e1t o akredit\u00e1ci\u00ed<\/div>\n\n\n--><\/p>\n","protected":false},"excerpt":{"rendered":"<p>C-WT inspection Body Type A is accredited in accordance with requirements of standard EN ISO\/IEC 17020: 2012 and provides service of approval of operating procedures WPQR \/ BPQR WPQR \u2013 Approval of welding procedures: Arc stud welding of metallic materials \u2013 STN EN ISO 14555 Tested welding consumables \u2013 STN EN ISO 15610 Previous welding &hellip; <\/p>\n<p class=\"link-more\"><a href=\"https:\/\/c-wt.sk\/en\/c-wt-inspekcny-organ-typu-a\/\" class=\"more-link\">Continue reading<span class=\"screen-reader-text\"> &#8220;C-WT Inspection Body Type A&#8221;<\/span><\/a><\/p>\n","protected":false},"author":3,"featured_media":0,"parent":0,"menu_order":0,"comment_status":"closed","ping_status":"closed","template":"","meta":[],"acf":[],"_links":{"self":[{"href":"https:\/\/c-wt.sk\/en\/wp-json\/wp\/v2\/pages\/3636"}],"collection":[{"href":"https:\/\/c-wt.sk\/en\/wp-json\/wp\/v2\/pages"}],"about":[{"href":"https:\/\/c-wt.sk\/en\/wp-json\/wp\/v2\/types\/page"}],"author":[{"embeddable":true,"href":"https:\/\/c-wt.sk\/en\/wp-json\/wp\/v2\/users\/3"}],"replies":[{"embeddable":true,"href":"https:\/\/c-wt.sk\/en\/wp-json\/wp\/v2\/comments?post=3636"}],"version-history":[{"count":62,"href":"https:\/\/c-wt.sk\/en\/wp-json\/wp\/v2\/pages\/3636\/revisions"}],"predecessor-version":[{"id":7242,"href":"https:\/\/c-wt.sk\/en\/wp-json\/wp\/v2\/pages\/3636\/revisions\/7242"}],"wp:attachment":[{"href":"https:\/\/c-wt.sk\/en\/wp-json\/wp\/v2\/media?parent=3636"}],"curies":[{"name":"wp","href":"https:\/\/api.w.org\/{rel}","templated":true}]}}