{"id":96,"date":"2018-09-12T22:42:30","date_gmt":"2018-09-12T20:42:30","guid":{"rendered":"http:\/\/c-wt.sk\/test\/?page_id=96"},"modified":"2025-03-12T16:34:09","modified_gmt":"2025-03-12T15:34:09","slug":"staznosti-a-odvolania","status":"publish","type":"page","link":"https:\/\/c-wt.sk\/zh\/staznosti-a-odvolania\/","title":{"rendered":"S\u0165a\u017enosti a odvolania"},"content":{"rendered":"<p><strong>Postup rie\u0161enia s\u0165a\u017enost\u00ed a\u00a0odvolan\u00ed<\/strong><\/p>\n<p>\u00da\u010delom tohto postupu je opis procesu pod\u00e1vania s\u0165a\u017enost\u00ed a odvolan\u00ed, ktor\u00e9 s\u00favisia s \u010dinnos\u0165ou <strong>C-WT Certifika\u010dn\u00e9ho org\u00e1nu os\u00f4b<\/strong> alebo <strong>C-WT in\u0161pek\u010dn\u00e9ho org\u00e1nu A<\/strong>, zo strany \u017eiadate\u013eov\/certifikovan\u00fdch os\u00f4b alebo tret\u00edch str\u00e1n.<\/p>\n<p><strong>S\u0165a\u017enosti<\/strong><\/p>\n<p>Ka\u017ed\u00e1 fyzick\u00e1 alebo pr\u00e1vnick\u00e1 osoba m\u00f4\u017ee v opr\u00e1vnenom pr\u00edpade poda\u0165 s\u0165a\u017enos\u0165.<\/p>\n<ol>\n<li>S\u0165a\u017enos\u0165 mus\u00ed by\u0165 podan\u00e1 p\u00edsomne s\u00a0uveden\u00edm identifika\u010dn\u00fdch \u00fadajov s\u0165a\u017eovate\u013ea, vecn\u00fdm od\u00f4vodnen\u00edm s\u0165a\u017enosti a\u00a0potrebn\u00fdmi objekt\u00edvnymi d\u00f4kazmi.<\/li>\n<li>C-WT potvrd\u00ed prijatie s\u0165a\u017enosti a s\u0165a\u017enos\u0165 zaeviduje. Ved\u00faci certifika\u010dn\u00e9ho org\u00e1nu alebo Ved\u00faci In\u0161pek\u010dn\u00e9ho org\u00e1nu presk\u00fama, \u010di sa s\u0165a\u017enos\u0165 t\u00fdka \u010dinnost\u00ed, za ktor\u00e9 je zodpovedn\u00fd. Ak \u00e1no, pover\u00ed zodpovedn\u00fa osobu pre\u0161etren\u00edm s\u0165a\u017enosti. Do procesu rie\u0161enia s\u0165a\u017enosti s\u00fa zapojen\u00ed in\u00ed pracovn\u00edci\u00a0 ako t\u00ed, ktor\u00ed sa podie\u013eali na rozhodnut\u00ed alebo \u010dinnosti, ktor\u00e9 viedli k s\u0165a\u017enosti.<\/li>\n<li>V pr\u00edpade s\u0165a\u017enosti na ved\u00faceho CO alebo Ved\u00faceho IO rozhoduje o rie\u0161en\u00ed s\u0165a\u017enosti riadite\u013e spolo\u010dnosti, ktor\u00fd pre\u0161etr\u00ed, \u010di je dan\u00e1 s\u0165a\u017enos\u0165 opr\u00e1vnen\u00e1 a n\u00e1sledne reaguje zodpovedaj\u00facim sp\u00f4sobom.<\/li>\n<li>Proces rie\u0161enia s\u0165a\u017enosti sa riadi po\u017eiadavkami na d\u00f4vernos\u0165, vo vz\u0165ahu k s\u0165a\u017eovate\u013eovi , ako aj k predmetu s\u0165a\u017enosti. C-WT sa zav\u00e4zuje, \u017ee podanie, presk\u00famanie a rozhodnutie o s\u0165a\u017enosti nebude vies\u0165 k \u017eiadnym diskrimina\u010dn\u00fdm \u010dinnostiam vo\u010di s\u0165a\u017eovate\u013eovi.<\/li>\n<li>Ak ide o s\u0165a\u017enos\u0165 na osobu certifikovan\u00fa CO C-WT, CO po\u017eiada certifikovan\u00fa osobu o\u00a0vyjadrenie sa k\u00a0s\u0165a\u017enosti v\u00a0stanovenej lehote.<\/li>\n<li>Po presk\u00faman\u00ed dokument\u00e1cie a\u00a0zisten\u00ed, \u017ee sa jedn\u00e1 o\u00a0poru\u0161enie pravidiel spr\u00e1vania sa certifikovanej osoby, alebo ak certifikovan\u00e1 osoba neprijme potrebn\u00e9 opatrenia na rie\u0161enie s\u0165a\u017enosti, m\u00f4\u017ee CO rozhodn\u00fa\u0165 o\u00a0pozastaven\u00ed, z\u00fa\u017een\u00ed alebo odobrat\u00ed certifik\u00e1tu.<\/li>\n<li>S\u0165a\u017eovate\u013eovi poskytne CO form\u00e1lne vyjadrenie o\u00a0ukon\u010den\u00ed procesu rie\u0161enia s\u0165a\u017enosti v\u00a0lehote 30 dn\u00ed od podania s\u0165a\u017enosti, ak nie je dohodnut\u00fd in\u00fd term\u00edn.<\/li>\n<\/ol>\n<p><strong>Odvolania<\/strong><\/p>\n<p>Pod odvolan\u00edm sa rozumie tak\u00e9 p\u00edsomn\u00e9 podanie \u017eiadate\u013ea\/uch\u00e1dza\u010da alebo certifikovanej osoby, ktor\u00e9 s\u00favis\u00ed s rozhodnut\u00edm CO alebo IO oh\u013eadom :<\/p>\n<ul>\n<li>posudzovania \u017eiadosti o certifik\u00e1ciu alebo \u017eiadosti o in\u0161pek\u010dn\u00fa \u010dinnos\u0165<\/li>\n<li>sk\u00fa\u0161ok a\u00a0ich vyhodnotenia<\/li>\n<li>rozhodnutia o\u00a0certifik\u00e1cii alebo recertifik\u00e1cii<\/li>\n<li>rozhodnutia o\u00a0roz\u0161\u00edren\u00ed alebo\u00a0z\u00fa\u017een\u00ed predmetu certifik\u00e1cie, ako aj pozastaven\u00ed a\u00a0odobrat\u00ed certifik\u00e1cie<\/li>\n<\/ul>\n<ol>\n<li>Odvolanie mus\u00ed by\u0165 podan\u00e9 p\u00edsomne s uveden\u00edm identifika\u010dn\u00fdch \u00fadajov osoby, ktor\u00e1 sa odvol\u00e1va vo\u010di rozhodnutiu CO alebo IO, vecn\u00fdm od\u00f4vodnen\u00edm a potrebn\u00fdmi objekt\u00edvnymi d\u00f4kazmi.<\/li>\n<li>Certifika\u010dn\u00fd org\u00e1n alebo In\u0161pek\u010dn\u00fd org\u00e1n potvrd\u00ed prijatie odvolania a zaeviduje ho. Ved\u00faci CO alebo Ved\u00faci IO pover\u00ed zodpovedn\u00fa osobu pre\u0161etren\u00edm odvolania, pri\u010dom do procesu rie\u0161enia s\u00fa zapojen\u00ed in\u00ed pracovn\u00edci CO alebo IO, ako t\u00ed, ktor\u00ed sa podie\u013eali na rozhodnut\u00ed alebo \u010dinnosti, ktor\u00e9 viedli k odvolaniu.<\/li>\n<li>Za rozhodnutie o sp\u00f4sobe rie\u0161enia odvolania zodpoved\u00e1 V CO alebo V IO. Rozhodnutie mus\u00ed obsahova\u0165 sp\u00f4sob rie\u0161enia alebo zamietnutie odvolania.<\/li>\n<li>Lehota na podanie odvolania proti rozhodnutiu je 30 dn\u00ed odo d\u0148a obdr\u017eania rozhodnutia. Lehota na vyrie\u0161enie odvolania zo strany C-WT je 30 dn\u00ed odo d\u0148a zaevidovania odvolania.<\/li>\n<li>Proces rie\u0161enia odvolania sa riadi po\u017eiadavkami na d\u00f4vernos\u0165. C-WT sa zav\u00e4zuje, \u017ee podanie, presk\u00famanie a rozhodnutie o odvolan\u00ed nebude vies\u0165 k \u017eiadnym diskrimina\u010dn\u00fdm \u010dinnostiam vo\u010di osobe, ktor\u00e1 odvolanie podala.<\/li>\n<\/ol>\n","protected":false},"excerpt":{"rendered":"<p>Postup rie\u0161enia s\u0165a\u017enost\u00ed a\u00a0odvolan\u00ed \u00da\u010delom tohto postu &hellip; <\/p>\n<p class=\"link-more\"><a href=\"https:\/\/c-wt.sk\/zh\/staznosti-a-odvolania\/\" class=\"more-link\">\u7e7c\u7e8c\u95b1\u8b80<span class=\"screen-reader-text\"> &#8220;S\u0165a\u017enosti a odvolania&#8221;<\/span><\/a><\/p>\n","protected":false},"author":1,"featured_media":0,"parent":0,"menu_order":0,"comment_status":"closed","ping_status":"closed","template":"","meta":[],"acf":[],"_links":{"self":[{"href":"https:\/\/c-wt.sk\/zh\/wp-json\/wp\/v2\/pages\/96"}],"collection":[{"href":"https:\/\/c-wt.sk\/zh\/wp-json\/wp\/v2\/pages"}],"about":[{"href":"https:\/\/c-wt.sk\/zh\/wp-json\/wp\/v2\/types\/page"}],"author":[{"embeddable":true,"href":"https:\/\/c-wt.sk\/zh\/wp-json\/wp\/v2\/users\/1"}],"replies":[{"embeddable":true,"href":"https:\/\/c-wt.sk\/zh\/wp-json\/wp\/v2\/comments?post=96"}],"version-history":[{"count":8,"href":"https:\/\/c-wt.sk\/zh\/wp-json\/wp\/v2\/pages\/96\/revisions"}],"predecessor-version":[{"id":5537,"href":"https:\/\/c-wt.sk\/zh\/wp-json\/wp\/v2\/pages\/96\/revisions\/5537"}],"wp:attachment":[{"href":"https:\/\/c-wt.sk\/zh\/wp-json\/wp\/v2\/media?parent=96"}],"curies":[{"name":"wp","href":"https:\/\/api.w.org\/{rel}","templated":true}]}}